{"id":16243,"date":"2026-02-20T15:53:00","date_gmt":"2026-02-20T14:53:00","guid":{"rendered":"https:\/\/thehantler.com\/?post_type=product&#038;p=16243"},"modified":"2026-02-20T15:55:29","modified_gmt":"2026-02-20T14:55:29","slug":"leren-fotoachtergrond-l-baritone-blue","status":"publish","type":"product","link":"https:\/\/thehantler.com\/de\/produkt\/leren-fotoachtergrond-l-baritone-blue\/","title":{"rendered":"Leren fotoachtergrond  L | Baritone Blue"},"content":{"rendered":"<p><strong>Leren fotografie achtergrond, uniek en duurzaam<\/strong><\/p>\n<p>Voeg textuur, diepte en karakter toe aan je foto\u2019s met deze unieke <strong data-start=\"591\" data-end=\"625\">leren fotografie achtergronden<\/strong>. Deze fotoachtergronden zijn gemaakt van restleer uit de leerindustrie, overtollig materiaal dat anders zou worden weggegooid. Door dit leer een tweede leven te geven, werk je niet alleen met een stijlvol en authentiek product, maar draag je ook bij aan een meer duurzame manier van beeld cre\u00ebren.<\/p>\n<p data-start=\"1095\" data-end=\"1463\">Doordat het gaat om een natuurproduct kan het leer lichte imperfecties vertonen zoals krassen, vlekjes, gaatjes, vouwen of natuurlijke structuren. Maar juist d\u00e1t geeft je backdrop karakter. Geen \u00e9\u00e9n stuk is hetzelfde, en dat maakt jouw beeldmateriaal uniek. Door het gebruik van restmateriaal kunnen we deze fotoachtergronden bovendien aanbieden tegen een zeer aantrekkelijke prijs. Elke achtergrond is slechts in <strong data-start=\"1431\" data-end=\"1462\">beperkte oplage beschikbaar<\/strong>. Op is dus echt op!<\/p>\n<p><b>Maattabel foto achtergronden:<br \/>\n<\/b><\/p>\n<table style=\"height: 384px;\" width=\"815\">\n<thead>\n<tr>\n<th><strong>Kortste zijde van de achtergrond<\/strong><\/th>\n<th><strong>Maat<\/strong><\/th>\n<th><strong>Gebruiksindicatie<\/strong><\/th>\n<\/tr>\n<\/thead>\n<tbody>\n<tr>\n<td>&lt; 60 cm<\/td>\n<td>S<\/td>\n<td>Product fotografie \/ Flatlays<\/td>\n<\/tr>\n<tr>\n<td>60 \u2013 79 cm<\/td>\n<td>M<\/td>\n<td>Flatlays \/ Ondergrond newborn<\/td>\n<\/tr>\n<tr>\n<td><strong>80 \u2013 99 cm<\/strong><\/td>\n<td><strong>L<\/strong><\/td>\n<td><strong>Portret kinderen, kleine huisdieren, flatlays, ondergrond newborn<\/strong><\/td>\n<\/tr>\n<tr>\n<td>100 \u2013 129 cm<\/td>\n<td>XL<\/td>\n<td>Portretten volwassenen, kinderen en huisdieren<\/td>\n<\/tr>\n<tr>\n<td>\u2265 130 cm<\/td>\n<td>XXL<\/td>\n<td>Half body \/ portret van 2 personen<\/td>\n<\/tr>\n<\/tbody>\n<\/table>\n<p><strong>Inhoud:<\/strong> 1 stuk leren foto achtergrond<br \/>\nElke achtergrond is uniek , foto\u2019s zijn slechts indicatief<\/p>\n<p><strong>Ideaal voor o.a.:<\/strong><br \/>\nFlatlay fotografie<br \/>\nFine art portretten<br \/>\nStudio portretten<br \/>\nProductfotografie (sieraden, cosmetica, accessoires etc.)<br \/>\nOndergrond newborn fotografie<br \/>\nFood fotografie<br \/>\nMacro en detailfoto\u2019s<br \/>\nSocial media content, reels &amp; stories<br \/>\nCreatieve styling in de studio of op locatie (zoals bij bruiloften)<\/p>","protected":false},"excerpt":{"rendered":"<p><strong><b>Verwachte verzending:<br \/>\n<\/b><\/strong>Binnen 1-7 werkdagen<\/p>\n<p><strong>Produktdetails:<\/strong><\/p>\n<ul>\n<li>Materiaal: Crust<\/li>\n<li>Kleur: Baritone blue (achterzijde zwart)<\/li>\n<li>Formaat: Maat L<\/li>\n<li>Aantal: 1 stuk<\/li>\n<\/ul>\n<p><strong>Let op:<\/strong><\/p>\n<ul>\n<li data-start=\"108\" data-end=\"263\">Beperkte voorraad, elke fotoachtergrond is uniek en kan afwijken van de foto.<\/li>\n<li data-start=\"108\" data-end=\"263\">Imperfecties (zoals krasjes, vlekjes, gaatjes, strepen of vouwen) horen bij het karakter van dit restleer.<\/li>\n<li data-start=\"108\" data-end=\"263\">Bewaar bij voorkeur plat of opgerold om de kwaliteit te behouden.<\/li>\n<\/ul>","protected":false},"featured_media":16210,"template":"","meta":[],"product_brand":[],"product_cat":[134,142],"product_tag":[],"giftcard-category":[],"class_list":{"0":"post-16243","1":"product","2":"type-product","3":"status-publish","4":"has-post-thumbnail","6":"product_cat-leather-backdrops","7":"product_cat-maat-l","9":"first","10":"instock","11":"taxable","12":"shipping-taxable","13":"purchasable","14":"product-type-simple"},"exclude_global_add_ons":[],"addons":[],"_links":{"self":[{"href":"https:\/\/thehantler.com\/de\/wp-json\/wp\/v2\/product\/16243","targetHints":{"allow":["GET"]}}],"collection":[{"href":"https:\/\/thehantler.com\/de\/wp-json\/wp\/v2\/product"}],"about":[{"href":"https:\/\/thehantler.com\/de\/wp-json\/wp\/v2\/types\/product"}],"version-history":[{"count":1,"href":"https:\/\/thehantler.com\/de\/wp-json\/wp\/v2\/product\/16243\/revisions"}],"predecessor-version":[{"id":16244,"href":"https:\/\/thehantler.com\/de\/wp-json\/wp\/v2\/product\/16243\/revisions\/16244"}],"wp:featuredmedia":[{"embeddable":true,"href":"https:\/\/thehantler.com\/de\/wp-json\/wp\/v2\/media\/16210"}],"wp:attachment":[{"href":"https:\/\/thehantler.com\/de\/wp-json\/wp\/v2\/media?parent=16243"}],"wp:term":[{"taxonomy":"product_brand","embeddable":true,"href":"https:\/\/thehantler.com\/de\/wp-json\/wp\/v2\/product_brand?post=16243"},{"taxonomy":"product_cat","embeddable":true,"href":"https:\/\/thehantler.com\/de\/wp-json\/wp\/v2\/product_cat?post=16243"},{"taxonomy":"product_tag","embeddable":true,"href":"https:\/\/thehantler.com\/de\/wp-json\/wp\/v2\/product_tag?post=16243"},{"taxonomy":"giftcard-category","embeddable":true,"href":"https:\/\/thehantler.com\/de\/wp-json\/wp\/v2\/giftcard-category?post=16243"}],"curies":[{"name":"wp","href":"https:\/\/api.w.org\/{rel}","templated":true}]}}