{"id":1658,"date":"2020-06-08T16:48:38","date_gmt":"2020-06-08T14:48:38","guid":{"rendered":"https:\/\/thehantler.com\/?post_type=product&#038;p=1658"},"modified":"2023-10-17T11:20:17","modified_gmt":"2023-10-17T09:20:17","slug":"hantler-neck-strap-royal-blue","status":"publish","type":"product","link":"https:\/\/thehantler.com\/de\/produkt\/hantler-neck-strap-royal-blue\/","title":{"rendered":"Camera neck strap | Royal Blue"},"content":{"rendered":"<p>Ein Halsgurt ohne Personalisierung wird standardm\u00e4\u00dfig ohne Metallschild geliefert.<br \/>\nBitte beachten Sie, dass dieses Leder bei starkem Nass werden m\u00f6glicherweise Flecken auf Ihrer hellen Kleidung hinterlassen kann.<br \/>\nBitte beachten Sie, dass personalisierte Produkte nicht zur\u00fcckgegeben werden k\u00f6nnen und das Widerrufsrecht nicht mehr gilt.<\/p>","protected":false},"excerpt":{"rendered":"<p><strong>Voraussichtlicher Versand - keine Gravur: <\/strong>Innerhalb von 1-2 Werktagen.<strong><br \/>\nVoraussichtlicher Versand - mit Gravur:<\/strong> \u00a0Innerhalb von 7-10 Werktagen.<\/p>\n<p>A custom-made handcrafted leather camera neck strap in Royal Blue. Your (business) name can be engraved on the metal name tag which is attached to the camera neck strap. It&#8217;s a durable and stylish camera strap suitable for every photographer with a DSLR and\/or SLR camera.<\/p>\n<p>Die Lederkamerahalsriemen von Hantler werden aus hochwertigem vegetabil gegerbtem Leder hergestellt und in unserem eigenen Studio individuell angefertigt und graviert. Die Kamerahalsriemen k\u00f6nnen auf beiden Seiten eingestellt werden. Es wird mit zwei Clips und 2 Ringen geliefert, um Ihre Kamera leicht und schnell zu befestigen und abzunehmen.<\/p>\n<p>Die Riemen k\u00f6nnen verwendet werden, um Ihre Kamera sicher um den Hals, die Schulter oder das Handgelenk zu tragen, um ein Herunterfallen oder Diebstahl zu verhindern. Wenn Sie sie um die Schulter tragen, entlasten sie auch etwas das Gewicht. Dieser Komfort in Verbindung mit dem Stil macht sie zum perfekten Accessoire f\u00fcr jeden Fotografen.<\/p>\n<p>Um diesen Kameragurt so einzigartig wie m\u00f6glich zu gestalten, k\u00f6nnen Sie ihn personalisieren. Sie haben die M\u00f6glichkeit, eine unserer 8 verschiedenen Lederfarben auszuw\u00e4hlen. Sie k\u00f6nnen auch die Farbe f\u00fcr die Hardwareteile w\u00e4hlen, und als Kr\u00f6nung k\u00f6nnen Sie Ihren eigenen Namen auf dem Metallschild eingravieren lassen.<\/p>\n<p>Produktdetails:<br \/>\n\u2022 Einfach zu installieren und an jede Passform anpassbar<br \/>\n\u2022 Geeignet f\u00fcr fast jedes Kameramodell<br \/>\n\u2022 Aus vegetabil gegerbtem hochwertigem Leder gefertigt<br \/>\n\u2022 Alles, was Sie f\u00fcr die Befestigung an Ihren Kamera ben\u00f6tigen, ist enthalten<br \/>\n\u2022 Erh\u00e4ltlich mit einem Metallschild und Hardwareteilen in den Farben Ols Silver oder Brass (Gold)<br \/>\n\u2022 Auch ohne Metal Tag \/ Gravur erh\u00e4ltlich<br \/>\n\u2022 Die Gravur kann bis zu 15 Zeichen enthalten und ist Gro\u00df-\/Kleinschreibung beachtet.<br \/>\n\u2022 Dank des hochwertigen Leders ist das Produkt sehr langlebig<br \/>\n\u2022 Pflegen Sie das Produkt gelegentlich mit einer Ledercreme, um das Leder gesund zu erhalten.<\/p>\n<p>\u2022 Breite: 3,5 cm<br \/>\n\u2022 L\u00e4nge: verstellbar von 95 cm bis 110 cm<\/p>","protected":false},"featured_media":1660,"template":"","meta":[],"product_brand":[],"product_cat":[24],"product_tag":[],"giftcard-category":[],"class_list":{"0":"post-1658","1":"product","2":"type-product","3":"status-publish","4":"has-post-thumbnail","6":"product_cat-camera-neck-straps","8":"first","9":"outofstock","10":"taxable","11":"shipping-taxable","12":"purchasable","13":"product-type-simple"},"exclude_global_add_ons":[],"addons":[],"_links":{"self":[{"href":"https:\/\/thehantler.com\/de\/wp-json\/wp\/v2\/product\/1658","targetHints":{"allow":["GET"]}}],"collection":[{"href":"https:\/\/thehantler.com\/de\/wp-json\/wp\/v2\/product"}],"about":[{"href":"https:\/\/thehantler.com\/de\/wp-json\/wp\/v2\/types\/product"}],"version-history":[{"count":0,"href":"https:\/\/thehantler.com\/de\/wp-json\/wp\/v2\/product\/1658\/revisions"}],"wp:featuredmedia":[{"embeddable":true,"href":"https:\/\/thehantler.com\/de\/wp-json\/wp\/v2\/media\/1660"}],"wp:attachment":[{"href":"https:\/\/thehantler.com\/de\/wp-json\/wp\/v2\/media?parent=1658"}],"wp:term":[{"taxonomy":"product_brand","embeddable":true,"href":"https:\/\/thehantler.com\/de\/wp-json\/wp\/v2\/product_brand?post=1658"},{"taxonomy":"product_cat","embeddable":true,"href":"https:\/\/thehantler.com\/de\/wp-json\/wp\/v2\/product_cat?post=1658"},{"taxonomy":"product_tag","embeddable":true,"href":"https:\/\/thehantler.com\/de\/wp-json\/wp\/v2\/product_tag?post=1658"},{"taxonomy":"giftcard-category","embeddable":true,"href":"https:\/\/thehantler.com\/de\/wp-json\/wp\/v2\/giftcard-category?post=1658"}],"curies":[{"name":"wp","href":"https:\/\/api.w.org\/{rel}","templated":true}]}}