{"id":4522,"date":"2022-06-03T16:36:24","date_gmt":"2022-06-03T14:36:24","guid":{"rendered":"https:\/\/thehantler.com\/?post_type=product&#038;p=4522"},"modified":"2025-12-02T00:51:07","modified_gmt":"2025-12-01T23:51:07","slug":"third-camera-strap-brandy","status":"publish","type":"product","link":"https:\/\/thehantler.com\/de\/produkt\/third-camera-strap-brandy\/","title":{"rendered":"Third camera strap | Brandy"},"content":{"rendered":"<p>Upgrade your harness with this third camera strap set to be able to use 3 camera&#8217;s at the same time. The set includes a chest strap which enhances the support and comfort of your camera harness while using it with 3 camera&#8217;s. It provides extra stability, making it ideal for long shooting sessions. The two longer straps make it possible to attach an extra camera to the D-rings of our dual camera harnesses.<\/p>\n<p>This set is easily attachable and crafted from the same durable, vegetable-tanned leather as our harnesses. It seamlessly integrates with your existing harness, ensuring both functionality and style. Perfect for photographers looking to improve their gear&#8217;s performance and comfort.<\/p>\n<p><strong>Gr\u00f6\u00dfen (einschlie\u00dflich Clips):<\/strong><br \/>\nRegular: 2x 33cm straps + 1x 22cm chest strap<br \/>\nLarge: 2x 45cm straps + 1x 33cm chest strap<\/p>\n<p>Wir empfehlen, die richtige Gr\u00f6\u00dfe zu messen, bevor Sie Ihre Bestellung aufgeben.<\/p>\n<p>The colors of the products may vary slightly from the photos and from each other due to the natural variations in leather. This also means the leather may have small marks or develop a unique patina over time, adding to its character and charm. Slight changes in color may occur with use, especially with exposure to sunlight.<\/p>","protected":false},"excerpt":{"rendered":"<p><strong>Estimated shipping<br \/>\n<\/strong>within 1-3 working days<\/p>\n<p><strong>Product Details:<\/strong><\/p>\n<ul>\n<li>Easy to use and adjustable for any fit<\/li>\n<li>Suitable for our dual camera harness<\/li>\n<li>Compatible with almost any camera model<\/li>\n<li>Everything needed is included<\/li>\n<li>Made from high quality leather<\/li>\n<li>Extremely durable<\/li>\n<\/ul>\n<p><strong>Included in Package:<\/strong><\/p>\n<ul>\n<li>1x chest strap<\/li>\n<li>2x camera attachement straps<\/li>\n<li>2x attachement strap rings<\/li>\n<\/ul>\n<p><strong>Optional Accessories:<\/strong><\/p>\n<ul>\n<li><a href=\"https:\/\/thehantler.com\/de\/produkt\/camera-protection-pad\/\">Protection pads<\/a><\/li>\n<li><a href=\"https:\/\/thehantler.com\/de\/produkt\/hantler-leather-conditioner\/\">Leather conditioner<\/a><\/li>\n<\/ul>\n<p><strong>Keep in mind:<\/strong><\/p>\n<ul>\n<li>Condition with a leather cream every once in a while<\/li>\n<\/ul>","protected":false},"featured_media":4518,"template":"","meta":[],"product_brand":[],"product_cat":[64],"product_tag":[],"giftcard-category":[],"class_list":{"0":"post-4522","1":"product","2":"type-product","3":"status-publish","4":"has-post-thumbnail","6":"product_cat-photography-accessories","8":"first","9":"instock","10":"taxable","11":"shipping-taxable","12":"purchasable","13":"product-type-variable"},"exclude_global_add_ons":[],"addons":[],"_links":{"self":[{"href":"https:\/\/thehantler.com\/de\/wp-json\/wp\/v2\/product\/4522","targetHints":{"allow":["GET"]}}],"collection":[{"href":"https:\/\/thehantler.com\/de\/wp-json\/wp\/v2\/product"}],"about":[{"href":"https:\/\/thehantler.com\/de\/wp-json\/wp\/v2\/types\/product"}],"version-history":[{"count":1,"href":"https:\/\/thehantler.com\/de\/wp-json\/wp\/v2\/product\/4522\/revisions"}],"predecessor-version":[{"id":15242,"href":"https:\/\/thehantler.com\/de\/wp-json\/wp\/v2\/product\/4522\/revisions\/15242"}],"wp:featuredmedia":[{"embeddable":true,"href":"https:\/\/thehantler.com\/de\/wp-json\/wp\/v2\/media\/4518"}],"wp:attachment":[{"href":"https:\/\/thehantler.com\/de\/wp-json\/wp\/v2\/media?parent=4522"}],"wp:term":[{"taxonomy":"product_brand","embeddable":true,"href":"https:\/\/thehantler.com\/de\/wp-json\/wp\/v2\/product_brand?post=4522"},{"taxonomy":"product_cat","embeddable":true,"href":"https:\/\/thehantler.com\/de\/wp-json\/wp\/v2\/product_cat?post=4522"},{"taxonomy":"product_tag","embeddable":true,"href":"https:\/\/thehantler.com\/de\/wp-json\/wp\/v2\/product_tag?post=4522"},{"taxonomy":"giftcard-category","embeddable":true,"href":"https:\/\/thehantler.com\/de\/wp-json\/wp\/v2\/giftcard-category?post=4522"}],"curies":[{"name":"wp","href":"https:\/\/api.w.org\/{rel}","templated":true}]}}