{"id":4525,"date":"2022-06-03T16:51:14","date_gmt":"2022-06-03T14:51:14","guid":{"rendered":"https:\/\/thehantler.com\/?post_type=product&#038;p=4525"},"modified":"2025-12-02T00:51:06","modified_gmt":"2025-12-01T23:51:06","slug":"chest-strap-cognac","status":"publish","type":"product","link":"https:\/\/thehantler.com\/de\/produkt\/chest-strap-cognac\/","title":{"rendered":"Chest strap | Cognac"},"content":{"rendered":"<p>Enhance the support and comfort of your camera harness with our high-quality leather chest strap. This chest strap provides extra stability, making it ideal for long shooting sessions. Easily attachable and crafted from the same durable, vegetable-tanned leather, it seamlessly integrates with your existing harness, ensuring both functionality and style. Perfect for photographers looking to improve their gear&#8217;s performance and comfort.<\/p>\n<p><strong>Gr\u00f6\u00dfen (einschlie\u00dflich Clips):<br \/>\n<\/strong>Regular 22CM<br \/>\nLarge 33CM<\/p>\n<p>Wir empfehlen, die richtige Gr\u00f6\u00dfe zu messen, bevor Sie Ihre Bestellung aufgeben.<\/p>\n<p>The colors of the products may vary slightly from the photos and from each other due to the natural variations in leather. This also means the leather may have small marks or develop a unique patina over time, adding to its character and charm. Slight changes in color may occur with use, especially with exposure to sunlight.<\/p>\n<p>&nbsp;<\/p>","protected":false},"excerpt":{"rendered":"<p><strong><b>Voraussichtliche Lieferung:<br \/>\n<\/b><\/strong>within 1-3 working days<br \/>\n<strong><br \/>\nProduktdetails:<\/strong><\/p>\n<ul>\n<li>Easy to install<\/li>\n<li>suitable for our dual camera harness<\/li>\n<li>Made from high quality leather<\/li>\n<li>Extremely durable<\/li>\n<\/ul>\n<p><strong>Keep in mind:<\/strong><\/p>\n<ul>\n<li>Condition with a leather cream every once in a while<\/li>\n<\/ul>","protected":false},"featured_media":4526,"template":"","meta":[],"product_brand":[],"product_cat":[64],"product_tag":[],"giftcard-category":[],"class_list":{"0":"post-4525","1":"product","2":"type-product","3":"status-publish","4":"has-post-thumbnail","6":"product_cat-photography-accessories","8":"first","9":"instock","10":"taxable","11":"shipping-taxable","12":"purchasable","13":"product-type-variable"},"exclude_global_add_ons":[],"addons":[],"_links":{"self":[{"href":"https:\/\/thehantler.com\/de\/wp-json\/wp\/v2\/product\/4525","targetHints":{"allow":["GET"]}}],"collection":[{"href":"https:\/\/thehantler.com\/de\/wp-json\/wp\/v2\/product"}],"about":[{"href":"https:\/\/thehantler.com\/de\/wp-json\/wp\/v2\/types\/product"}],"version-history":[{"count":1,"href":"https:\/\/thehantler.com\/de\/wp-json\/wp\/v2\/product\/4525\/revisions"}],"predecessor-version":[{"id":12727,"href":"https:\/\/thehantler.com\/de\/wp-json\/wp\/v2\/product\/4525\/revisions\/12727"}],"wp:featuredmedia":[{"embeddable":true,"href":"https:\/\/thehantler.com\/de\/wp-json\/wp\/v2\/media\/4526"}],"wp:attachment":[{"href":"https:\/\/thehantler.com\/de\/wp-json\/wp\/v2\/media?parent=4525"}],"wp:term":[{"taxonomy":"product_brand","embeddable":true,"href":"https:\/\/thehantler.com\/de\/wp-json\/wp\/v2\/product_brand?post=4525"},{"taxonomy":"product_cat","embeddable":true,"href":"https:\/\/thehantler.com\/de\/wp-json\/wp\/v2\/product_cat?post=4525"},{"taxonomy":"product_tag","embeddable":true,"href":"https:\/\/thehantler.com\/de\/wp-json\/wp\/v2\/product_tag?post=4525"},{"taxonomy":"giftcard-category","embeddable":true,"href":"https:\/\/thehantler.com\/de\/wp-json\/wp\/v2\/giftcard-category?post=4525"}],"curies":[{"name":"wp","href":"https:\/\/api.w.org\/{rel}","templated":true}]}}