{"id":15526,"date":"2025-11-28T17:17:31","date_gmt":"2025-11-28T16:17:31","guid":{"rendered":"https:\/\/thehantler.com\/?post_type=product&#038;p=15526"},"modified":"2025-12-02T00:51:02","modified_gmt":"2025-12-01T23:51:02","slug":"leren-fotoachtergrond-xl-zadelbruin","status":"publish","type":"product","link":"https:\/\/thehantler.com\/nl\/product\/leren-fotoachtergrond-xl-zadelbruin\/","title":{"rendered":"Leren fotoachtergrond  XL | zadelbruin"},"content":{"rendered":"<p><strong>Leren fotografie achtergrond, uniek en duurzaam<\/strong><\/p>\n<p>Voeg textuur, diepte en karakter toe aan je foto\u2019s met deze unieke <strong data-start=\"591\" data-end=\"625\">leren fotografie achtergronden<\/strong>. Deze fotoachtergronden zijn gemaakt van restleer uit de leerindustrie, overtollig materiaal dat anders zou worden weggegooid. Door dit leer een tweede leven te geven, werk je niet alleen met een stijlvol en authentiek product, maar draag je ook bij aan een meer duurzame manier van beeld cre\u00ebren.<\/p>\n<p data-start=\"1095\" data-end=\"1463\">Doordat het gaat om een natuurproduct kan het leer lichte imperfecties vertonen zoals krasjes, vouwen of natuurlijke structuren. Maar juist d\u00e1t geeft je backdrop karakter. Geen \u00e9\u00e9n stuk is hetzelfde, en dat maakt jouw beeldmateriaal uniek. Door het gebruik van restmateriaal kunnen we deze fotoachtergronden bovendien aanbieden tegen een zeer aantrekkelijke prijs. Elke achtergrond is slechts in <strong data-start=\"1431\" data-end=\"1462\">beperkte oplage beschikbaar<\/strong>. Op is dus echt op!<\/p>\n<p><strong>Afmeting per fotoachtergrond:<\/strong> minimaal <span data-sheets-root=\"1\">100 x 110<\/span> cm<br \/>\n<strong>Inhoud:<\/strong> 1 stuk leren foto achtergrond<br \/>\nElke achtergrond is uniek , foto\u2019s zijn slechts indicatief<\/p>\n<p><strong>Ideaal voor o.a.:<\/strong><br \/>\nFlatlay fotografie<br \/>\nFine art portretten<br \/>\nStudio portretten<br \/>\nProductfotografie (sieraden, cosmetica, accessoires etc.)<br \/>\nOndergrond newborn fotografie<br \/>\nFood fotografie<br \/>\nMacro en detailfoto\u2019s<br \/>\nSocial media content, reels &amp; stories<br \/>\nCreatieve styling in de studio of op locatie (zoals bij bruiloften)<\/p>","protected":false},"excerpt":{"rendered":"<p><strong><b>Verwachte verzending:<br \/>\n<\/b><\/strong>Binnen 1-7 werkdagen<\/p>\n<p><strong>Product details:<\/strong><\/p>\n<ul>\n<li>Materiaal: <span data-sheets-root=\"1\">Suede<\/span><\/li>\n<li>Kleur: zadelbruin<\/li>\n<li>Formaat: minimaal <span data-sheets-root=\"1\">100 x 110<\/span> cm<\/li>\n<li>Aantal: 1 stuk<\/li>\n<\/ul>\n<p><strong>Let op:<\/strong><\/p>\n<ul>\n<li data-start=\"108\" data-end=\"263\">Beperkte voorraad, elke fotoachtergrond is uniek en kan afwijken van de foto.<\/li>\n<li data-start=\"108\" data-end=\"263\">Imperfecties (zoals krasjes, gaatjes of vouwen) horen bij het karakter van dit restleer.<\/li>\n<li data-start=\"108\" data-end=\"263\">Bewaar bij voorkeur plat of losjes opgerold om de kwaliteit te behouden.<\/li>\n<\/ul>","protected":false},"featured_media":15322,"template":"","meta":[],"product_brand":[],"product_cat":[134],"product_tag":[],"giftcard-category":[],"class_list":{"0":"post-15526","1":"product","2":"type-product","3":"status-publish","4":"has-post-thumbnail","6":"product_cat-leather-backdrops","8":"first","9":"outofstock","10":"taxable","11":"shipping-taxable","12":"purchasable","13":"product-type-simple"},"exclude_global_add_ons":false,"addons":[{"name":"Toeslag verzending","type":"checkbox","position":0,"required":true,"title_format":"label","default":"","description_enable":false,"description":"","placeholder_enable":false,"placeholder":"","display":"select","restrictions_type":"any_text","adjust_price":false,"price":"","price_type":"flat_fee","restrictions":false,"min":"0","max":"0","options":[{"label":"Verzenden met Mondial Relay naar service punt","price":"","price_type":"flat_fee","image":0,"visibility":true},{"label":"Verzenden naar huisadres met verzendtoeslag","price":"9.99","price_type":"flat_fee","image":0,"visibility":true}],"id":1746808665}],"_links":{"self":[{"href":"https:\/\/thehantler.com\/nl\/wp-json\/wp\/v2\/product\/15526","targetHints":{"allow":["GET"]}}],"collection":[{"href":"https:\/\/thehantler.com\/nl\/wp-json\/wp\/v2\/product"}],"about":[{"href":"https:\/\/thehantler.com\/nl\/wp-json\/wp\/v2\/types\/product"}],"version-history":[{"count":1,"href":"https:\/\/thehantler.com\/nl\/wp-json\/wp\/v2\/product\/15526\/revisions"}],"predecessor-version":[{"id":15527,"href":"https:\/\/thehantler.com\/nl\/wp-json\/wp\/v2\/product\/15526\/revisions\/15527"}],"wp:featuredmedia":[{"embeddable":true,"href":"https:\/\/thehantler.com\/nl\/wp-json\/wp\/v2\/media\/15322"}],"wp:attachment":[{"href":"https:\/\/thehantler.com\/nl\/wp-json\/wp\/v2\/media?parent=15526"}],"wp:term":[{"taxonomy":"product_brand","embeddable":true,"href":"https:\/\/thehantler.com\/nl\/wp-json\/wp\/v2\/product_brand?post=15526"},{"taxonomy":"product_cat","embeddable":true,"href":"https:\/\/thehantler.com\/nl\/wp-json\/wp\/v2\/product_cat?post=15526"},{"taxonomy":"product_tag","embeddable":true,"href":"https:\/\/thehantler.com\/nl\/wp-json\/wp\/v2\/product_tag?post=15526"},{"taxonomy":"giftcard-category","embeddable":true,"href":"https:\/\/thehantler.com\/nl\/wp-json\/wp\/v2\/giftcard-category?post=15526"}],"curies":[{"name":"wp","href":"https:\/\/api.w.org\/{rel}","templated":true}]}}