{"id":1902,"date":"2020-11-01T23:51:08","date_gmt":"2020-11-01T22:51:08","guid":{"rendered":"https:\/\/thehantler.com\/?post_type=product&#038;p=1902"},"modified":"2025-12-02T00:51:03","modified_gmt":"2025-12-01T23:51:03","slug":"leren-camera-schouderriem-brandy","status":"publish","type":"product","link":"https:\/\/thehantler.com\/nl\/product\/leren-camera-schouderriem-brandy\/","title":{"rendered":"Camera schouderriem | brandy"},"content":{"rendered":"<h2><strong>Een leren camera schouderriem die comfort en zichtbaarheid geeft aan elke fotograaf<\/strong><\/h2>\n<p data-start=\"281\" data-end=\"536\">Werk je vooral met \u00e9\u00e9n camera tijdens je shoots? Dan herken je vast het gedoe van onhandige nekriemen, een scheve belasting van je lichaam of een strap die n\u00e9t niet lekker zit. Zeker bij lange dagen kan dat zorgen voor ongemak, vermoeidheid en frustratie.<\/p>\n<p data-start=\"538\" data-end=\"944\">Gelukkig kan het anders. Met de leren camera schouderriem van The Hantler werk je comfortabel, in stijl \u00e9n met meer bewegingsvrijheid. Deze draagriem is speciaal ontworpen voor fotografen die vaak met \u00e9\u00e9n camera werken en hun apparatuur professioneel willen dragen zonder in te leveren op comfort. Dankzij het slimme ontwerp verdeel je het gewicht evenwichtig over je lichaam en blijft je camera altijd binnen handbereik.<\/p>\n<p data-start=\"946\" data-end=\"1442\">De verstelbare leren camera schouderriem heeft een ergonomische pasvorm en kan zelfs over een dikke jas heen gedragen worden. De robuuste Quick release clip (met een draagkracht tot 500 kg) houdt je camera stevig vast en het extra veiligheidsriempje geeft je die extra gemoedsrust tijdens al je fotoshoots. Gebruik je een lens met een statiefaansluiting? Dan raden we aan om de leren schouderriem daaraan te bevestigen voor n\u00f3g meer stabiliteit. Dankzij het schuifsysteem kun je je camera razendsnel pakken en heb je je handen vrij wanneer dat nodig is.<\/p>\n<p data-start=\"1444\" data-end=\"1566\">Werk je met twee camera\u2019s? Dan is ons <a href=\"https:\/\/thehantler.com\/nl\/product\/leren-camera-harnas-brandy\/\">camera harnas<\/a> een betere keuze voor optimale gewichtsverdeling en werkcomfort.<\/p>\n<p>Het leer is plantaardig gelooid, stevig maar soepel en vormt zich snel naar jouw lichaam. Na verloop van tijd ontstaat er een unieke patina op het leer die jouw schouderriem nog meer karakter geeft.<\/p>\n<p><strong>Logo laten graveren<\/strong><\/p>\n<p>Als fotograaf wil je niet alleen goed werk leveren, maar er ook professioneel uitzien. Laat daarom je leren camera schouderriem personaliseren met je eigen logo in een van de beschikbare kleuren. Zo wordt jouw bedrijf nog zichtbaarder, ook tijdens het fotograferen.<\/p>\n<p>Voor we jouw logo gaan graveren op de schouderriem ontvang je (na het bestellen) eerst een digitaal voorbeeld van hoe jouw logo er op het rugstuk uit komt te zien. Pas na goedkeuring van het digitale voorbeeld starten wij met het produceren van jouw bestelling. Op deze manier zorgen we ervoor dat je zeker tevreden zult zijn met het eindresultaat!<\/p>\n<p><strong>Maat tabel:<\/strong><\/p>\n<p>Klik op de afbeelding hieronder voor een maattabel. Kom je niet uit de maat, neem dan contact op voor een maatadvies.\u00a0<strong><br \/>\n<\/strong><br \/>\nOns algemene advies voor het kiezen van de juiste maat:<strong><br \/>\nVrouwen: <\/strong>Tot een lengte van 1.80 en kleding maat L adviseren wij de<strong> Regular <\/strong>maat. Langer dan 1.80 of een grotere kledingmaat, neem dan een <strong>Large<\/strong>.<br \/>\n<strong>Mannen: <\/strong>Tot een lengte van 1.75 en kleding maat M adviseren wij de<strong> Regular <\/strong>maat. Langer dan 1.75 of een grotere kledingmaat, neem dan een <strong>Large<\/strong>.<\/p>\n<p><a href=\"https:\/\/thehantler.com\/wp-content\/uploads\/2020\/11\/Size-chart-schouderstrap-the-hantler-scaled.jpg\"><img fetchpriority=\"high\" decoding=\"async\" class=\"alignnone wp-image-7727 size-medium\" src=\"https:\/\/thehantler.com\/wp-content\/uploads\/2020\/11\/Size-chart-schouderstrap-the-hantler-300x213.jpg\" alt=\"\" width=\"300\" height=\"213\" srcset=\"https:\/\/thehantler.com\/wp-content\/uploads\/2020\/11\/Size-chart-schouderstrap-the-hantler-300x213.jpg 300w, https:\/\/thehantler.com\/wp-content\/uploads\/2020\/11\/Size-chart-schouderstrap-the-hantler-scaled-324x230.jpg 324w, https:\/\/thehantler.com\/wp-content\/uploads\/2020\/11\/Size-chart-schouderstrap-the-hantler-scaled-416x295.jpg 416w, https:\/\/thehantler.com\/wp-content\/uploads\/2020\/11\/Size-chart-schouderstrap-the-hantler-1024x726.jpg 1024w, https:\/\/thehantler.com\/wp-content\/uploads\/2020\/11\/Size-chart-schouderstrap-the-hantler-768x545.jpg 768w, https:\/\/thehantler.com\/wp-content\/uploads\/2020\/11\/Size-chart-schouderstrap-the-hantler-1536x1089.jpg 1536w, https:\/\/thehantler.com\/wp-content\/uploads\/2020\/11\/Size-chart-schouderstrap-the-hantler-2048x1452.jpg 2048w, https:\/\/thehantler.com\/wp-content\/uploads\/2020\/11\/Size-chart-schouderstrap-the-hantler-18x12.jpg 18w\" sizes=\"(max-width: 300px) 100vw, 300px\" \/><\/a><\/p>","protected":false},"excerpt":{"rendered":"<p><strong>Verwachte levertijd:<\/strong><br \/>\nZonder gravering &#8211; Binnen 1 tot 3 werkdagen<br \/>\nMet gravering &#8211; Binnen 1 tot 3 werkdagen<\/p>\n<p><strong>Product Details:<\/strong><\/p>\n<ul>\n<li>Makkelijk in gebruik en verstelbaar in maat<\/li>\n<li>Universele camera schouderriem geschikt voor Canon, Nikon, Sony en andere merken.<\/li>\n<li>Alle benodigdheden voor gebruik zijn inbegrepen<\/li>\n<li>Gemaakt van hoge kwaliteit tuigleer<\/li>\n<li>Zeer duurzaam<\/li>\n<\/ul>\n<p><strong>Inbegrepen in pakket:<\/strong><\/p>\n<ul>\n<li>Camera schouderriem<\/li>\n<li>1x camera schroef<\/li>\n<li>1x ringetje voor veiligheidsriempje<\/li>\n<li>1x canvas opberg zakje<\/li>\n<\/ul>\n<p><strong>Houd het volgende in gedachten na aanschaf:<\/strong><\/p>\n<ul>\n<li>De Quick Release-clip is uitgevoerd in zilver (roestvrij staal).<\/li>\n<li>Behandel het leer af en toe met een leercr\u00e8me.<\/li>\n<li>De kleuren van de producten kunnen iets afwijken van de foto\u2019s en van andere producten door de natuurlijke variaties in leer.<\/li>\n<li>Wanneer het leer vochtig en warm wordt kan het bij wrijving kleur afgeven op kleding.Het leer in goede conditie houden vermindert deze kans.<\/li>\n<li data-start=\"291\" data-end=\"547\">Houd er rekening mee dat gepersonaliseerde producten niet kunnen worden geretourneerd en dat het herroepingsrecht niet meer van toepassing is.<\/li>\n<\/ul>","protected":false},"featured_media":2935,"template":"","meta":[],"product_brand":[],"product_cat":[23,133],"product_tag":[],"giftcard-category":[],"class_list":{"0":"post-1902","1":"product","2":"type-product","3":"status-publish","4":"has-post-thumbnail","6":"product_cat-camera-harnesses","7":"product_cat-customizable","9":"first","10":"instock","11":"taxable","12":"shipping-taxable","13":"purchasable","14":"product-type-variable"},"exclude_global_add_ons":false,"addons":[{"name":"Upload bestand","type":"file_upload","position":0,"required":false,"title_format":"label","default":"","description_enable":true,"description":"EPS, PDF, JPG of PNG bestand","placeholder_enable":false,"placeholder":"","display":"select","restrictions_type":"any_text","adjust_price":true,"price":"25","price_type":"flat_fee","restrictions":false,"min":"0","max":"0","options":[],"id":1754496398},{"name":"Kleur gravering","type":"multiple_choice","position":1,"required":true,"title_format":"label","default":"","description_enable":false,"description":"","placeholder_enable":false,"placeholder":"","display":"select","restrictions_type":"any_text","adjust_price":false,"price":"","price_type":"flat_fee","restrictions":false,"min":"0","max":"0","options":[{"label":"Geen gravering","price":"","price_type":"flat_fee","image":0,"visibility":true},{"label":"Naturel\/zwart gravering","price":"","price_type":"flat_fee","image":0,"visibility":true},{"label":"Gouden gravering","price":"7.50","price_type":"flat_fee","image":0,"visibility":true},{"label":"Koperen gravering","price":"7.50","price_type":"flat_fee","image":0,"visibility":true},{"label":"Witte gravering","price":"7.50","price_type":"flat_fee","image":0,"visibility":true}],"id":1754496399},{"name":"Ori\u00ebntatie logo","type":"multiple_choice","position":2,"required":true,"title_format":"label","default":"","description_enable":false,"description":"","placeholder_enable":false,"placeholder":"","display":"select","restrictions_type":"any_text","adjust_price":false,"price":"","price_type":"flat_fee","restrictions":false,"min":"0","max":"0","options":[{"label":"Geen gravering","price":"","price_type":"flat_fee","image":0,"visibility":true},{"label":"Horizontaal","price":"","price_type":"flat_fee","image":14348,"visibility":true},{"label":"Verticaal, camera op rechter heup","price":"","price_type":"flat_fee","image":14059,"visibility":true},{"label":"Verticaal, camera op linker heup","price":"","price_type":"flat_fee","image":14325,"visibility":true}],"id":1755613920},{"name":"Extra's toevoegen","type":"checkbox","position":3,"required":false,"title_format":"label","default":"","description_enable":false,"description":"","placeholder_enable":false,"placeholder":"","display":"select","restrictions_type":"any_text","adjust_price":false,"price":"","price_type":"flat_fee","restrictions":false,"min":"0","max":"0","options":[{"label":"1x Extra camera schroef","price":"7.50","price_type":"flat_fee","image":0,"visibility":true},{"label":"2x Extra camera schroeven","price":"14.00","price_type":"flat_fee","image":0,"visibility":true},{"label":"2x Camera protection pads","price":"6.50","price_type":"flat_fee","image":0,"visibility":true},{"label":"1x Leder conditioner","price":"12.50","price_type":"flat_fee","image":0,"visibility":true}],"id":1754496400},{"name":"Mogen we beelden van jouw bestelling online delen?","type":"multiple_choice","position":4,"required":true,"title_format":"label","default":"","description_enable":false,"description":"","placeholder_enable":false,"placeholder":"","display":"select","restrictions_type":"any_text","adjust_price":false,"price":"","price_type":"flat_fee","restrictions":false,"min":"0","max":"0","options":[{"label":"Ja leuk!","price":"","price_type":"flat_fee","image":0,"visibility":true},{"label":"Nee, het is een verrassing","price":"","price_type":"flat_fee","image":0,"visibility":true}],"id":1754496402},{"name":"Instagram (optioneel):","type":"custom_text","position":5,"required":false,"title_format":"label","default":"","description_enable":false,"description":"","placeholder_enable":true,"placeholder":"dan taggen we je bij een post over jouw bestelling","display":"select","restrictions_type":"any_text","adjust_price":false,"price":"","price_type":"flat_fee","restrictions":false,"min":"0","max":"0","options":[],"id":1754496401}],"_links":{"self":[{"href":"https:\/\/thehantler.com\/nl\/wp-json\/wp\/v2\/product\/1902","targetHints":{"allow":["GET"]}}],"collection":[{"href":"https:\/\/thehantler.com\/nl\/wp-json\/wp\/v2\/product"}],"about":[{"href":"https:\/\/thehantler.com\/nl\/wp-json\/wp\/v2\/types\/product"}],"version-history":[{"count":3,"href":"https:\/\/thehantler.com\/nl\/wp-json\/wp\/v2\/product\/1902\/revisions"}],"predecessor-version":[{"id":14384,"href":"https:\/\/thehantler.com\/nl\/wp-json\/wp\/v2\/product\/1902\/revisions\/14384"}],"wp:featuredmedia":[{"embeddable":true,"href":"https:\/\/thehantler.com\/nl\/wp-json\/wp\/v2\/media\/2935"}],"wp:attachment":[{"href":"https:\/\/thehantler.com\/nl\/wp-json\/wp\/v2\/media?parent=1902"}],"wp:term":[{"taxonomy":"product_brand","embeddable":true,"href":"https:\/\/thehantler.com\/nl\/wp-json\/wp\/v2\/product_brand?post=1902"},{"taxonomy":"product_cat","embeddable":true,"href":"https:\/\/thehantler.com\/nl\/wp-json\/wp\/v2\/product_cat?post=1902"},{"taxonomy":"product_tag","embeddable":true,"href":"https:\/\/thehantler.com\/nl\/wp-json\/wp\/v2\/product_tag?post=1902"},{"taxonomy":"giftcard-category","embeddable":true,"href":"https:\/\/thehantler.com\/nl\/wp-json\/wp\/v2\/giftcard-category?post=1902"}],"curies":[{"name":"wp","href":"https:\/\/api.w.org\/{rel}","templated":true}]}}